{"id":741,"date":"2026-03-07T09:26:35","date_gmt":"2026-03-07T14:26:35","guid":{"rendered":"https:\/\/domaineglenton.com\/accommodation\/camping-sauvage\/"},"modified":"2026-03-15T11:16:56","modified_gmt":"2026-03-15T15:16:56","slug":"camping","status":"publish","type":"page","link":"https:\/\/domaineglenton.com\/en\/accommodation\/camping\/","title":{"rendered":"Camping"},"content":{"rendered":"\t\t<div data-elementor-type=\"wp-page\" data-elementor-id=\"741\" class=\"elementor elementor-741 elementor-352\" data-elementor-post-type=\"page\">\n\t\t\t\t<div class=\"elementor-element elementor-element-a161625 e-flex e-con-boxed e-con e-parent\" data-id=\"a161625\" data-element_type=\"container\" data-e-type=\"container\">\n\t\t\t\t\t<div class=\"e-con-inner\">\n\t\t<div class=\"elementor-element elementor-element-60565e1 e-con-full e-flex e-con e-child\" data-id=\"60565e1\" data-element_type=\"container\" data-e-type=\"container\">\n\t\t\t\t<div class=\"elementor-element elementor-element-ab5f5e6 elementor-widget elementor-widget-heading\" data-id=\"ab5f5e6\" data-element_type=\"widget\" data-e-type=\"widget\" data-widget_type=\"heading.default\">\n\t\t\t\t\t<h2 class=\"elementor-heading-title elementor-size-default\">Une reconnexion totale avec la nature<\/h2>\t\t\t\t<\/div>\n\t\t\t\t<div class=\"elementor-element elementor-element-daabe47 elementor-widget elementor-widget-text-editor\" data-id=\"daabe47\" data-element_type=\"widget\" data-e-type=\"widget\" data-widget_type=\"text-editor.default\">\n\t\t\t\t\t\t\t\t\t<p>Le Domaine Glenton pr\u00e9pare actuellement des sites de camping rustiques, nich\u00e9s au c\u0153ur de notre for\u00eat mature. Ici, pas de bruits de moteur ni de voisins bruyants; seulement le craquement du feu et le souffle du vent dans les cimes. Nos futurs emplacements seront limit\u00e9s en nombre pour garantir l&#8217;intimit\u00e9 et la tranquillit\u00e9 de chaque campeur. Que vous soyez un adepte du minimalisme ou en qu\u00eate d&#8217;un premier s\u00e9jour en for\u00eat, vous y trouverez un espace paisible pour ralentir le rythme. Pour toute question, contactez-nous \u00e0 <a href=\"mailto:info@domaineglenton.com\">info@domaineglenton.com<\/a><\/p>\t\t\t\t\t\t\t\t<\/div>\n\t\t\t\t<div class=\"elementor-element elementor-element-57108a5 elementor-widget elementor-widget-image\" data-id=\"57108a5\" data-element_type=\"widget\" data-e-type=\"widget\" data-widget_type=\"image.default\">\n\t\t\t\t\t\t\t\t\t\t\t\t\t\t\t<img fetchpriority=\"high\" decoding=\"async\" width=\"800\" height=\"800\" src=\"http:\/\/domaineglenton.com\/wp-content\/uploads\/2026\/02\/gallerie-1.jpg\" class=\"attachment-large size-large wp-image-731\" alt=\"\" srcset=\"http:\/\/domaineglenton.com\/wp-content\/uploads\/2026\/02\/gallerie-1.jpg 800w, http:\/\/domaineglenton.com\/wp-content\/uploads\/2026\/02\/gallerie-1-300x300.jpg 300w, http:\/\/domaineglenton.com\/wp-content\/uploads\/2026\/02\/gallerie-1-150x150.jpg 150w, http:\/\/domaineglenton.com\/wp-content\/uploads\/2026\/02\/gallerie-1-768x768.jpg 768w\" sizes=\"(max-width: 800px) 100vw, 800px\" \/>\t\t\t\t\t\t\t\t\t\t\t\t\t\t\t<\/div>\n\t\t\t\t<\/div>\n\t\t\t\t\t<\/div>\n\t\t\t\t<\/div>\n\t\t\t\t<\/div>\n\t\t","protected":false},"excerpt":{"rendered":"<p>Une reconnexion totale avec la nature Le Domaine Glenton pr\u00e9pare actuellement des sites de camping rustiques, nich\u00e9s au c\u0153ur de notre for\u00eat mature. Ici, pas de bruits de moteur ni de voisins bruyants; seulement le craquement du feu et le souffle du vent dans les cimes. Nos futurs emplacements seront limit\u00e9s en nombre pour garantir [&hellip;]<\/p>\n","protected":false},"author":1,"featured_media":718,"parent":737,"menu_order":0,"comment_status":"closed","ping_status":"closed","template":"","meta":{"_acf_changed":false,"footnotes":""},"class_list":["post-741","page","type-page","status-publish","has-post-thumbnail","hentry"],"acf":[],"_links":{"self":[{"href":"https:\/\/domaineglenton.com\/en\/wp-json\/wp\/v2\/pages\/741","targetHints":{"allow":["GET"]}}],"collection":[{"href":"https:\/\/domaineglenton.com\/en\/wp-json\/wp\/v2\/pages"}],"about":[{"href":"https:\/\/domaineglenton.com\/en\/wp-json\/wp\/v2\/types\/page"}],"author":[{"embeddable":true,"href":"https:\/\/domaineglenton.com\/en\/wp-json\/wp\/v2\/users\/1"}],"replies":[{"embeddable":true,"href":"https:\/\/domaineglenton.com\/en\/wp-json\/wp\/v2\/comments?post=741"}],"version-history":[{"count":2,"href":"https:\/\/domaineglenton.com\/en\/wp-json\/wp\/v2\/pages\/741\/revisions"}],"predecessor-version":[{"id":743,"href":"https:\/\/domaineglenton.com\/en\/wp-json\/wp\/v2\/pages\/741\/revisions\/743"}],"up":[{"embeddable":true,"href":"https:\/\/domaineglenton.com\/en\/wp-json\/wp\/v2\/pages\/737"}],"wp:featuredmedia":[{"embeddable":true,"href":"https:\/\/domaineglenton.com\/en\/wp-json\/wp\/v2\/media\/718"}],"wp:attachment":[{"href":"https:\/\/domaineglenton.com\/en\/wp-json\/wp\/v2\/media?parent=741"}],"curies":[{"name":"wp","href":"https:\/\/api.w.org\/{rel}","templated":true}]}}