{"id":749,"date":"2026-03-14T13:12:43","date_gmt":"2026-03-14T17:12:43","guid":{"rendered":"https:\/\/domaineglenton.com\/accommodation\/van-life\/"},"modified":"2026-03-15T11:17:49","modified_gmt":"2026-03-15T15:17:49","slug":"van-life","status":"publish","type":"page","link":"https:\/\/domaineglenton.com\/en\/accommodation\/van-life\/","title":{"rendered":"Van life"},"content":{"rendered":"\t\t<div data-elementor-type=\"wp-page\" data-elementor-id=\"749\" class=\"elementor elementor-749 elementor-484\" data-elementor-post-type=\"page\">\n\t\t\t\t<div class=\"elementor-element elementor-element-a161625 e-flex e-con-boxed e-con e-parent\" data-id=\"a161625\" data-element_type=\"container\" data-e-type=\"container\">\n\t\t\t\t\t<div class=\"e-con-inner\">\n\t\t<div class=\"elementor-element elementor-element-60565e1 e-con-full e-flex e-con e-child\" data-id=\"60565e1\" data-element_type=\"container\" data-e-type=\"container\">\n\t\t\t\t<div class=\"elementor-element elementor-element-ab5f5e6 elementor-widget elementor-widget-heading\" data-id=\"ab5f5e6\" data-element_type=\"widget\" data-e-type=\"widget\" data-widget_type=\"heading.default\">\n\t\t\t\t\t<h2 class=\"elementor-heading-title elementor-size-default\">La libert\u00e9 au pied de la montagne<\/h2>\t\t\t\t<\/div>\n\t\t\t\t<div class=\"elementor-element elementor-element-daabe47 elementor-widget elementor-widget-text-editor\" data-id=\"daabe47\" data-element_type=\"widget\" data-e-type=\"widget\" data-widget_type=\"text-editor.default\">\n\t\t\t\t\t\t\t\t\t<p>Nous concevons actuellement des espaces d\u00e9di\u00e9s pour accueillir les voyageurs nomades et leurs v\u00e9hicules am\u00e9nag\u00e9s. Situ\u00e9s strat\u00e9giquement pour offrir une vue imprenable sur les sommets environnants, nos emplacements Van Life seront plats, s\u00e9curis\u00e9s et int\u00e9gr\u00e9s harmonieusement au paysage. Imagin\u00e9 comme une escale paisible entre deux routes, le Domaine Glenton sera l&#8217;endroit id\u00e9al pour poser vos roues et profiter de nos sentiers d\u00e8s le r\u00e9veil. Pour toute question, contactez-nous \u00e0 <a href=\"mailto:info@domaineglenton.com\">info@domaineglenton.com<\/a><\/p>\t\t\t\t\t\t\t\t<\/div>\n\t\t\t\t<div class=\"elementor-element elementor-element-57108a5 elementor-widget elementor-widget-image\" data-id=\"57108a5\" data-element_type=\"widget\" data-e-type=\"widget\" data-widget_type=\"image.default\">\n\t\t\t\t\t\t\t\t\t\t\t\t\t\t\t<img fetchpriority=\"high\" decoding=\"async\" width=\"800\" height=\"533\" src=\"http:\/\/domaineglenton.com\/wp-content\/uploads\/2026\/01\/vanlifemtl-fb-share.jpg\" class=\"attachment-large size-large wp-image-728\" alt=\"\" srcset=\"http:\/\/domaineglenton.com\/wp-content\/uploads\/2026\/01\/vanlifemtl-fb-share.jpg 800w, http:\/\/domaineglenton.com\/wp-content\/uploads\/2026\/01\/vanlifemtl-fb-share-300x200.jpg 300w, http:\/\/domaineglenton.com\/wp-content\/uploads\/2026\/01\/vanlifemtl-fb-share-768x512.jpg 768w\" sizes=\"(max-width: 800px) 100vw, 800px\" \/>\t\t\t\t\t\t\t\t\t\t\t\t\t\t\t<\/div>\n\t\t\t\t<\/div>\n\t\t\t\t\t<\/div>\n\t\t\t\t<\/div>\n\t\t\t\t<\/div>\n\t\t","protected":false},"excerpt":{"rendered":"<p>La libert\u00e9 au pied de la montagne Nous concevons actuellement des espaces d\u00e9di\u00e9s pour accueillir les voyageurs nomades et leurs v\u00e9hicules am\u00e9nag\u00e9s. Situ\u00e9s strat\u00e9giquement pour offrir une vue imprenable sur les sommets environnants, nos emplacements Van Life seront plats, s\u00e9curis\u00e9s et int\u00e9gr\u00e9s harmonieusement au paysage. Imagin\u00e9 comme une escale paisible entre deux routes, le Domaine [&hellip;]<\/p>\n","protected":false},"author":1,"featured_media":728,"parent":737,"menu_order":0,"comment_status":"closed","ping_status":"closed","template":"","meta":{"_acf_changed":false,"footnotes":""},"class_list":["post-749","page","type-page","status-publish","has-post-thumbnail","hentry"],"acf":[],"_links":{"self":[{"href":"https:\/\/domaineglenton.com\/en\/wp-json\/wp\/v2\/pages\/749","targetHints":{"allow":["GET"]}}],"collection":[{"href":"https:\/\/domaineglenton.com\/en\/wp-json\/wp\/v2\/pages"}],"about":[{"href":"https:\/\/domaineglenton.com\/en\/wp-json\/wp\/v2\/types\/page"}],"author":[{"embeddable":true,"href":"https:\/\/domaineglenton.com\/en\/wp-json\/wp\/v2\/users\/1"}],"replies":[{"embeddable":true,"href":"https:\/\/domaineglenton.com\/en\/wp-json\/wp\/v2\/comments?post=749"}],"version-history":[{"count":1,"href":"https:\/\/domaineglenton.com\/en\/wp-json\/wp\/v2\/pages\/749\/revisions"}],"predecessor-version":[{"id":750,"href":"https:\/\/domaineglenton.com\/en\/wp-json\/wp\/v2\/pages\/749\/revisions\/750"}],"up":[{"embeddable":true,"href":"https:\/\/domaineglenton.com\/en\/wp-json\/wp\/v2\/pages\/737"}],"wp:featuredmedia":[{"embeddable":true,"href":"https:\/\/domaineglenton.com\/en\/wp-json\/wp\/v2\/media\/728"}],"wp:attachment":[{"href":"https:\/\/domaineglenton.com\/en\/wp-json\/wp\/v2\/media?parent=749"}],"curies":[{"name":"wp","href":"https:\/\/api.w.org\/{rel}","templated":true}]}}